{"id":652,"date":"2025-11-01T17:51:38","date_gmt":"2025-11-01T16:51:38","guid":{"rendered":"https:\/\/www.lachevauchee47.com\/?page_id=652"},"modified":"2025-11-03T19:18:18","modified_gmt":"2025-11-03T18:18:18","slug":"mentions-legales","status":"publish","type":"page","link":"https:\/\/www.lachevauchee47.com\/?page_id=652","title":{"rendered":"MENTIONS L\u00c9GALES"},"content":{"rendered":"\t\t<div data-elementor-type=\"wp-page\" data-elementor-id=\"652\" class=\"elementor elementor-652\" data-elementor-post-type=\"page\">\n\t\t\t\t<div class=\"elementor-element elementor-element-f2cf50f e-flex e-con-boxed e-con e-parent\" data-id=\"f2cf50f\" data-element_type=\"container\" data-e-type=\"container\">\n\t\t\t\t\t<div class=\"e-con-inner\">\n\t\t\t\t<div class=\"elementor-element elementor-element-c7f630d elementor-widget elementor-widget-heading\" data-id=\"c7f630d\" data-element_type=\"widget\" data-e-type=\"widget\" data-widget_type=\"heading.default\">\n\t\t\t\t\t<h2 class=\"elementor-heading-title elementor-size-default\">MENTIONS L\u00c9GALES<\/h2>\t\t\t\t<\/div>\n\t\t\t\t\t<\/div>\n\t\t\t\t<\/div>\n\t\t<div class=\"elementor-element elementor-element-330482c e-flex e-con-boxed e-con e-parent\" data-id=\"330482c\" data-element_type=\"container\" data-e-type=\"container\">\n\t\t\t\t\t<div class=\"e-con-inner\">\n\t\t<div class=\"elementor-element elementor-element-2d41cb7 e-con-full e-flex e-con e-child\" data-id=\"2d41cb7\" data-element_type=\"container\" data-e-type=\"container\">\n\t\t\t\t<div class=\"elementor-element elementor-element-3caffe3 elementor-view-default elementor-position-block-start elementor-mobile-position-block-start elementor-widget elementor-widget-icon-box\" data-id=\"3caffe3\" data-element_type=\"widget\" data-e-type=\"widget\" data-widget_type=\"icon-box.default\">\n\t\t\t\t\t\t\t<div class=\"elementor-icon-box-wrapper\">\n\n\t\t\t\t\t\t<div class=\"elementor-icon-box-icon\">\n\t\t\t\t<span  class=\"elementor-icon\">\n\t\t\t\t<i aria-hidden=\"true\" class=\"icon icon-users2\"><\/i>\t\t\t\t<\/span>\n\t\t\t<\/div>\n\t\t\t\n\t\t\t\t\t\t<div class=\"elementor-icon-box-content\">\n\n\t\t\t\t\t\t\t\t\t<h3 class=\"elementor-icon-box-title\">\n\t\t\t\t\t\t<span  >\n\t\t\t\t\t\t\t\u00c9diteur du site\t\t\t\t\t\t<\/span>\n\t\t\t\t\t<\/h3>\n\t\t\t\t\n\t\t\t\t\t\t\t\t\t<p class=\"elementor-icon-box-description\">\n\t\t\t\t\t\tMme MONIN Nathalie\n<br> 2293 route du Pech\n<br>47320 Clairac\t\t\t\t\t<\/p>\n\t\t\t\t\n\t\t\t<\/div>\n\t\t\t\n\t\t<\/div>\n\t\t\t\t\t\t<\/div>\n\t\t\t\t<\/div>\n\t\t<div class=\"elementor-element elementor-element-458333d e-con-full e-flex e-con e-child\" data-id=\"458333d\" data-element_type=\"container\" data-e-type=\"container\">\n\t\t\t\t<div class=\"elementor-element elementor-element-ca21d5c elementor-view-default elementor-position-block-start elementor-mobile-position-block-start elementor-widget elementor-widget-icon-box\" data-id=\"ca21d5c\" data-element_type=\"widget\" data-e-type=\"widget\" data-widget_type=\"icon-box.default\">\n\t\t\t\t\t\t\t<div class=\"elementor-icon-box-wrapper\">\n\n\t\t\t\t\t\t<div class=\"elementor-icon-box-icon\">\n\t\t\t\t<span  class=\"elementor-icon\">\n\t\t\t\t<i aria-hidden=\"true\" class=\"icon icon-server-9\"><\/i>\t\t\t\t<\/span>\n\t\t\t<\/div>\n\t\t\t\n\t\t\t\t\t\t<div class=\"elementor-icon-box-content\">\n\n\t\t\t\t\t\t\t\t\t<h3 class=\"elementor-icon-box-title\">\n\t\t\t\t\t\t<span  >\n\t\t\t\t\t\t\tH\u00e9bergeur\t\t\t\t\t\t<\/span>\n\t\t\t\t\t<\/h3>\n\t\t\t\t\n\t\t\t\t\t\t\t\t\t<p class=\"elementor-icon-box-description\">\n\t\t\t\t\t\tOVH FRANCE\n<br> 2 rue Kellerman\n<br> 59100 Roubaix\t\t\t\t\t<\/p>\n\t\t\t\t\n\t\t\t<\/div>\n\t\t\t\n\t\t<\/div>\n\t\t\t\t\t\t<\/div>\n\t\t\t\t<\/div>\n\t\t<div class=\"elementor-element elementor-element-5f26825 e-con-full e-flex e-con e-child\" data-id=\"5f26825\" data-element_type=\"container\" data-e-type=\"container\">\n\t\t\t\t<div class=\"elementor-element elementor-element-997c304 elementor-view-default elementor-position-block-start elementor-mobile-position-block-start elementor-widget elementor-widget-icon-box\" data-id=\"997c304\" data-element_type=\"widget\" data-e-type=\"widget\" data-widget_type=\"icon-box.default\">\n\t\t\t\t\t\t\t<div class=\"elementor-icon-box-wrapper\">\n\n\t\t\t\t\t\t<div class=\"elementor-icon-box-icon\">\n\t\t\t\t<span  class=\"elementor-icon\">\n\t\t\t\t<i aria-hidden=\"true\" class=\"icon icon-design\"><\/i>\t\t\t\t<\/span>\n\t\t\t<\/div>\n\t\t\t\n\t\t\t\t\t\t<div class=\"elementor-icon-box-content\">\n\n\t\t\t\t\t\t\t\t\t<h3 class=\"elementor-icon-box-title\">\n\t\t\t\t\t\t<span  >\n\t\t\t\t\t\t\tWebdesign\t\t\t\t\t\t<\/span>\n\t\t\t\t\t<\/h3>\n\t\t\t\t\n\t\t\t\t\t\t\t\t\t<p class=\"elementor-icon-box-description\">\n\t\t\t\t\t\tWORDPRESS\n<br> Th\u00e8me : Hello Elementor\n<br> Webdesigner : La Chevauch\u00e9e\t\t\t\t\t<\/p>\n\t\t\t\t\n\t\t\t<\/div>\n\t\t\t\n\t\t<\/div>\n\t\t\t\t\t\t<\/div>\n\t\t\t\t<\/div>\n\t\t<div class=\"elementor-element elementor-element-7296cc3 e-con-full e-flex e-con e-child\" data-id=\"7296cc3\" data-element_type=\"container\" data-e-type=\"container\">\n\t\t\t\t<div class=\"elementor-element elementor-element-c8e3cb4 elementor-widget-divider--view-line elementor-widget elementor-widget-divider\" data-id=\"c8e3cb4\" data-element_type=\"widget\" data-e-type=\"widget\" data-widget_type=\"divider.default\">\n\t\t\t\t\t\t\t<div class=\"elementor-divider\">\n\t\t\t<span class=\"elementor-divider-separator\">\n\t\t\t\t\t\t<\/span>\n\t\t<\/div>\n\t\t\t\t\t\t<\/div>\n\t\t\t\t<div class=\"elementor-element elementor-element-93dc709 elementor-widget elementor-widget-html\" data-id=\"93dc709\" data-element_type=\"widget\" data-e-type=\"widget\" data-widget_type=\"html.default\">\n\t\t\t\t\t<section class=\"mentions-suite\" style=\"text-align:center; font-family:'Raleway', sans-serif; padding:20px;\">\n\n  <!-- PROPRI\u00c9T\u00c9 INTELLECTUELLE -->\n  <h2 style=\"color:#324a6d; font-size:22px; font-weight:800; margin-bottom:20px;\">IV. Propri\u00e9t\u00e9 intellectuelle<\/h2>\n  <p style=\"color:#1c244b; line-height:1;\">\n    L\u2019ensemble du contenu du site (<em>textes, images, illustrations, logos, vid\u00e9os...<\/em>) est la propri\u00e9t\u00e9 exclusive de \n    <strong>La Chevauch\u00e9e<\/strong> ou de ses ayants droit, sauf mentions contraires.\n  <\/p>\n  <p style=\"color:#1c244b; line-height:1;\">\n    Toute reproduction, repr\u00e9sentation, adaptation, modification, diffusion ou publication, m\u00eame partielle, \n    est strictement interdite sans autorisation pr\u00e9alable \u00e9crite de <strong>La Chevauch\u00e9e<\/strong>.\n  <\/p>\n  <p style=\"color:#1c244b; line-height:1;\">\n    Pour toute demande d\u2019autorisation ou d\u2019information, veuillez nous contacter \u00e0 l\u2019adresse indiqu\u00e9e dans la section \n    <em>\u00c9diteur du site<\/em>.\n  <\/p>\n\n  <!-- RESPONSABILIT\u00c9 -->\n  <h2 style=\"color:#324a6d; font-size:22px; font-weight:800; margin:40px 0 20px;\">V. Responsabilit\u00e9<\/h2>\n  <p style=\"color:#1c244b; line-height:1;\">\n    <strong>La Chevauch\u00e9e<\/strong> met tout en \u0153uvre pour assurer l\u2019exactitude et la mise \u00e0 jour des informations diffus\u00e9es sur le site. \n    Toutefois, elle ne peut garantir l\u2019exhaustivit\u00e9, l\u2019exactitude ou l\u2019absence d\u2019erreur des contenus publi\u00e9s.\n  <\/p>\n  <p style=\"color:#1c244b; line-height:1;\">\n    L\u2019utilisateur reconna\u00eet utiliser le site sous sa propre responsabilit\u00e9. \n    <strong>La Chevauch\u00e9e<\/strong> ne saurait \u00eatre tenue responsable des dommages directs ou indirects li\u00e9s \u00e0 l\u2019acc\u00e8s, \n    \u00e0 la consultation ou \u00e0 l\u2019utilisation du site.\n  <\/p>\n\n  <!-- LIENS HYPERTEXTES -->\n  <h2 style=\"color:#324a6d; font-size:22px; font-weight:800; margin:40px 0 20px;\">VI. Liens hypertextes<\/h2>\n  <p style=\"color:#1c244b; line-height:1;\">\n    Le site peut contenir des liens vers d\u2019autres sites. \n    <strong>La Chevauch\u00e9e<\/strong> n\u2019exerce aucun contr\u00f4le sur ces sites externes et d\u00e9cline toute responsabilit\u00e9 \n    quant \u00e0 leur contenu ou \u00e0 leurs pratiques de confidentialit\u00e9.\n  <\/p>\n\n  <!-- POLITIQUE DE TRAITEMENT DES DONN\u00c9ES PERSONNELLES -->\n  <h2 style=\"color:#324a6d; font-size:22px; font-weight:800; margin:40px 0 20px;\">VII. Politique de traitement des donn\u00e9es personnelles (RGPD)<\/h2>\n\n  <h3 style=\"color:#324a6d; font-size:20px; font-weight:800; margin-bottom:10px;\">1. Responsable du traitement<\/h3>\n  <p style=\"color:#1c244b; line-height:1;\">\n    <strong>Responsable :<\/strong> La Chevauch\u00e9e<br>\n    <strong>Contact :<\/strong> <em>contact@lachevauchee.com<\/em><br>\n    <strong>D\u00e9l\u00e9gu\u00e9 \u00e0 la protection des donn\u00e9es (DPO) :<\/strong> <em>\u00c0 compl\u00e9ter si applicable<\/em>\n  <\/p>\n\n  <h3 style=\"color:#324a6d; font-size:20px; font-weight:800; margin-bottom:10px;\">2. Finalit\u00e9s des traitements<\/h3>\n  <p style=\"color:#1c244b; line-height:1;\">\n    Les donn\u00e9es sont collect\u00e9es pour les finalit\u00e9s suivantes : gestion des demandes via le formulaire de contact, \n    envoi d\u2019informations ou de newsletters (avec consentement), et analyse statistique du site.\n  <\/p>\n\n  <h3 style=\"color:#324a6d; font-size:20px; font-weight:800; margin-bottom:10px;\">3. Base l\u00e9gale du traitement<\/h3>\n  <p style=\"color:#1c244b; line-height:1;\">\n    Les traitements reposent sur le consentement de l\u2019utilisateur, l\u2019ex\u00e9cution d\u2019un contrat ou les int\u00e9r\u00eats l\u00e9gitimes de \n    <strong>La Chevauch\u00e9e<\/strong>.\n  <\/p>\n\n  <h3 style=\"color:#324a6d; font-size:20px; font-weight:800; margin-bottom:10px;\">4. Donn\u00e9es collect\u00e9es<\/h3>\n  <p style=\"color:#1c244b; line-height:1;\">\n    Donn\u00e9es d\u2019identification (nom, pr\u00e9nom), coordonn\u00e9es (email, t\u00e9l\u00e9phone), et donn\u00e9es de navigation (adresse IP, cookies).\n  <\/p>\n\n  <h3 style=\"color:#324a6d; font-size:20px; font-weight:800; margin-bottom:10px;\">5. Destinataires des donn\u00e9es<\/h3>\n  <p style=\"color:#1c244b; line-height:1;\">\n    Les donn\u00e9es collect\u00e9es sont destin\u00e9es \u00e0 <strong>La Chevauch\u00e9e<\/strong> et \u00e0 ses prestataires techniques (h\u00e9bergeur, \n    outils de mesure d\u2019audience, emailing). \n    Aucune revente ou transfert non autoris\u00e9 n\u2019est effectu\u00e9.\n  <\/p>\n\n  <h3 style=\"color:#324a6d; font-size:20px; font-weight:800; margin-bottom:10px;\">6. Dur\u00e9e de conservation<\/h3>\n  <p style=\"color:#1c244b; line-height:1;\">\n    Donn\u00e9es du formulaire de contact : 3 ans apr\u00e8s le dernier contact.  \n    Abonn\u00e9s \u00e0 la newsletter : jusqu\u2019\u00e0 d\u00e9sinscription.  \n    Cookies : 13 mois maximum.\n  <\/p>\n\n  <h3 style=\"color:#324a6d; font-size:20px; font-weight:800; margin-bottom:10px;\">7. Vos droits<\/h3>\n  <p style=\"color:#1c244b; line-height:1;\">\n    Vous disposez des droits d\u2019acc\u00e8s, de rectification, d\u2019effacement, de limitation, d\u2019opposition, et de portabilit\u00e9.  \n    Vous pouvez retirer votre consentement \u00e0 tout moment en contactant : \n    <a href=\"mailto:contact@lachevauchee.fr\" style=\"color:#324a6d; text-decoration:none;\">contact@lachevauchee.fr<\/a>.  \n    Vous pouvez \u00e9galement d\u00e9poser une r\u00e9clamation aupr\u00e8s de la \n    <a href=\"https:\/\/www.cnil.fr\" target=\"_blank\" rel=\"noopener\" style=\"color:#324a6d; text-decoration:none;\">CNIL<\/a>.\n  <\/p>\n\n  <h3 style=\"color:#324a6d; font-size:20px; font-weight:800; margin-bottom:10px;\">8. Cookies<\/h3>\n  <p style=\"color:#1c244b; line-height:1;\">\n    Ce site utilise des cookies n\u00e9cessaires \u00e0 son bon fonctionnement et, le cas \u00e9ch\u00e9ant, des cookies analytiques ou publicitaires \n    soumis \u00e0 votre consentement. \n    Lors de votre premi\u00e8re visite, un bandeau d\u2019information vous permet de g\u00e9rer vos pr\u00e9f\u00e9rences. \n    Vous pouvez modifier votre choix \u00e0 tout moment via le lien \u00ab G\u00e9rer mes cookies \u00bb.\n  <\/p>\n\n  <h3 style=\"color:#324a6d; font-size:20px; font-weight:800; margin-bottom:10px;\">9. S\u00e9curit\u00e9 des donn\u00e9es<\/h3>\n  <p style=\"color:#1c244b; line-height:1;\">\n    <strong>La Chevauch\u00e9e<\/strong> met en \u0153uvre des mesures de s\u00e9curit\u00e9 techniques et organisationnelles adapt\u00e9es pour prot\u00e9ger \n    vos donn\u00e9es contre toute perte, alt\u00e9ration, acc\u00e8s non autoris\u00e9 ou divulgation.\n  <\/p>\n\n  <p style=\"color:#1c244b; line-height:1; margin-top:20px;\">\n    <em>Date de derni\u00e8re mise \u00e0 jour :<\/em> Octobre 2025\n  <\/p>\n\n  <hr style=\"margin:40px 0; border:0; border-top:1px solid #324a6d; width:80%; margin-left:auto; margin-right:auto;\">\n\n  <p style=\"color:#1c244b; line-height:1; font-size:0.9em;\">\n    \u00a9 La Chevauch\u00e9e \u2013 Mentions l\u00e9gales & Politique de confidentialit\u00e9.  \n    Inspir\u00e9 des mod\u00e8les conformes \u00e0 la \n    <a href=\"https:\/\/www.cnil.fr\" target=\"_blank\" rel=\"noopener\" style=\"color:#324a6d; text-decoration:none;\">CNIL<\/a> \n    et \u00e0 la \n    <a href=\"https:\/\/www.legifrance.gouv.fr\" target=\"_blank\" rel=\"noopener\" style=\"color:#324a6d; text-decoration:none;\">LCEN<\/a>.\n  <\/p>\n\n<\/section>\n\t\t\t\t<\/div>\n\t\t\t\t<\/div>\n\t\t\t\t\t<\/div>\n\t\t\t\t<\/div>\n\t\t\t\t<\/div>\n\t\t","protected":false},"excerpt":{"rendered":"<p>MENTIONS L\u00c9GALES \u00c9diteur du site Mme MONIN Nathalie 2293 route du Pech 47320 Clairac H\u00e9bergeur OVH FRANCE 2 rue Kellerman 59100 Roubaix Webdesign WORDPRESS Th\u00e8me : Hello Elementor Webdesigner : La Chevauch\u00e9e IV. Propri\u00e9t\u00e9 intellectuelle L\u2019ensemble du contenu du site (textes, images, illustrations, logos, vid\u00e9os&#8230;) est la propri\u00e9t\u00e9 exclusive de La Chevauch\u00e9e ou de ses [&hellip;]<\/p>\n","protected":false},"author":1,"featured_media":0,"parent":0,"menu_order":0,"comment_status":"closed","ping_status":"closed","template":"","meta":{"footnotes":""},"class_list":["post-652","page","type-page","status-publish","hentry"],"_links":{"self":[{"href":"https:\/\/www.lachevauchee47.com\/index.php?rest_route=\/wp\/v2\/pages\/652","targetHints":{"allow":["GET"]}}],"collection":[{"href":"https:\/\/www.lachevauchee47.com\/index.php?rest_route=\/wp\/v2\/pages"}],"about":[{"href":"https:\/\/www.lachevauchee47.com\/index.php?rest_route=\/wp\/v2\/types\/page"}],"author":[{"embeddable":true,"href":"https:\/\/www.lachevauchee47.com\/index.php?rest_route=\/wp\/v2\/users\/1"}],"replies":[{"embeddable":true,"href":"https:\/\/www.lachevauchee47.com\/index.php?rest_route=%2Fwp%2Fv2%2Fcomments&post=652"}],"version-history":[{"count":22,"href":"https:\/\/www.lachevauchee47.com\/index.php?rest_route=\/wp\/v2\/pages\/652\/revisions"}],"predecessor-version":[{"id":780,"href":"https:\/\/www.lachevauchee47.com\/index.php?rest_route=\/wp\/v2\/pages\/652\/revisions\/780"}],"wp:attachment":[{"href":"https:\/\/www.lachevauchee47.com\/index.php?rest_route=%2Fwp%2Fv2%2Fmedia&parent=652"}],"curies":[{"name":"wp","href":"https:\/\/api.w.org\/{rel}","templated":true}]}}