{"id":203,"date":"2025-10-28T19:28:18","date_gmt":"2025-10-28T18:28:18","guid":{"rendered":"https:\/\/www.lachevauchee47.com\/?page_id=203"},"modified":"2025-12-27T19:40:50","modified_gmt":"2025-12-27T18:40:50","slug":"acceuil","status":"publish","type":"page","link":"https:\/\/www.lachevauchee47.com\/","title":{"rendered":"Accueil"},"content":{"rendered":"\t\t<div data-elementor-type=\"wp-page\" data-elementor-id=\"203\" class=\"elementor elementor-203\" data-elementor-post-type=\"page\">\n\t\t\t\t<div class=\"elementor-element elementor-element-1af8a5c1 e-flex e-con-boxed e-con e-parent\" data-id=\"1af8a5c1\" data-element_type=\"container\" data-e-type=\"container\" data-settings=\"{&quot;background_background&quot;:&quot;classic&quot;}\">\n\t\t\t\t\t<div class=\"e-con-inner\">\n\t\t\t\t<div class=\"elementor-element elementor-element-763aa211 elementor-widget elementor-widget-heading\" data-id=\"763aa211\" data-element_type=\"widget\" data-e-type=\"widget\" data-widget_type=\"heading.default\">\n\t\t\t\t\t<h6 class=\"elementor-heading-title elementor-size-default\">\u00c9CURIE DE PROPRI\u00c9TAIRES<\/h6>\t\t\t\t<\/div>\n\t\t\t\t<div class=\"elementor-element elementor-element-eab3910 animated-slow elementor-invisible elementor-widget elementor-widget-heading\" data-id=\"eab3910\" data-element_type=\"widget\" data-e-type=\"widget\" data-settings=\"{&quot;_animation&quot;:&quot;fadeIn&quot;}\" data-widget_type=\"heading.default\">\n\t\t\t\t\t<h1 class=\"elementor-heading-title elementor-size-default\">Exp\u00e9rience, simplicit\u00e9 et bienveillance<\/h1>\t\t\t\t<\/div>\n\t\t\t\t<div class=\"elementor-element elementor-element-2beef792 elementor-widget elementor-widget-heading\" data-id=\"2beef792\" data-element_type=\"widget\" data-e-type=\"widget\" data-widget_type=\"heading.default\">\n\t\t\t\t\t<h5 class=\"elementor-heading-title elementor-size-default\">notre  trio gagnant<\/h5>\t\t\t\t<\/div>\n\t\t\t\t\t<\/div>\n\t\t\t\t<\/div>\n\t\t<div class=\"elementor-element elementor-element-4055a765 e-flex e-con-boxed e-con e-parent\" data-id=\"4055a765\" data-element_type=\"container\" data-e-type=\"container\" data-settings=\"{&quot;background_background&quot;:&quot;classic&quot;}\">\n\t\t\t\t\t<div class=\"e-con-inner\">\n\t\t<div class=\"elementor-element elementor-element-1ed60d4d e-con-full e-flex e-con e-child\" data-id=\"1ed60d4d\" data-element_type=\"container\" data-e-type=\"container\">\n\t\t\t\t<div class=\"elementor-element elementor-element-4e717291 elementor-invisible elementor-widget elementor-widget-heading\" data-id=\"4e717291\" data-element_type=\"widget\" data-e-type=\"widget\" data-settings=\"{&quot;_animation&quot;:&quot;fadeInDown&quot;}\" data-widget_type=\"heading.default\">\n\t\t\t\t\t<h2 class=\"elementor-heading-title elementor-size-default\">Les prestations pour les propri\u00e9taires<\/h2>\t\t\t\t<\/div>\n\t\t\t\t<div class=\"elementor-element elementor-element-f3b7611 elementor-widget elementor-widget-heading\" data-id=\"f3b7611\" data-element_type=\"widget\" data-e-type=\"widget\" data-widget_type=\"heading.default\">\n\t\t\t\t\t<h5 class=\"elementor-heading-title elementor-size-default\">D\u00e9couvrez nos services et nos installations, pens\u00e9s pour vos chevaux<\/h5>\t\t\t\t<\/div>\n\t\t\t\t<\/div>\n\t\t<div class=\"elementor-element elementor-element-61c3cda9 e-con-full e-flex e-con e-child\" data-id=\"61c3cda9\" data-element_type=\"container\" data-e-type=\"container\">\n\t\t\t\t<div class=\"elementor-element elementor-element-9f90a14 elementor-widget-tablet__width-initial elementor-widget-mobile__width-inherit elementor-widget__width-initial elementor-position-top elementor-widget elementor-widget-image-box\" data-id=\"9f90a14\" data-element_type=\"widget\" data-e-type=\"widget\" data-widget_type=\"image-box.default\">\n\t\t\t\t\t<div class=\"elementor-image-box-wrapper\"><figure class=\"elementor-image-box-img\"><a href=\"https:\/\/www.lachevauchee47.com\/?page_id=244\" tabindex=\"-1\"><img fetchpriority=\"high\" decoding=\"async\" width=\"683\" height=\"600\" src=\"https:\/\/www.lachevauchee47.com\/wp-content\/uploads\/2025\/11\/Pension_Acc_683-600.webp\" class=\"attachment-full size-full wp-image-626\" alt=\"\" srcset=\"https:\/\/www.lachevauchee47.com\/wp-content\/uploads\/2025\/11\/Pension_Acc_683-600.webp 683w, https:\/\/www.lachevauchee47.com\/wp-content\/uploads\/2025\/11\/Pension_Acc_683-600-300x264.webp 300w\" sizes=\"(max-width: 683px) 100vw, 683px\" \/><\/a><\/figure><div class=\"elementor-image-box-content\"><h4 class=\"elementor-image-box-title\"><a href=\"https:\/\/www.lachevauchee47.com\/?page_id=244\">Pension<\/a><\/h4><p class=\"elementor-image-box-description\">Chevaux \/ Poneys : h\u00e9bergement adapt\u00e9, soins quotidiens et suivi.<\/p><\/div><\/div>\t\t\t\t<\/div>\n\t\t\t\t<div class=\"elementor-element elementor-element-4339d0c4 elementor-widget-tablet__width-initial elementor-widget-mobile__width-inherit elementor-widget__width-initial elementor-position-top elementor-widget elementor-widget-image-box\" data-id=\"4339d0c4\" data-element_type=\"widget\" data-e-type=\"widget\" data-widget_type=\"image-box.default\">\n\t\t\t\t\t<div class=\"elementor-image-box-wrapper\"><figure class=\"elementor-image-box-img\"><a href=\"https:\/\/www.lachevauchee47.com\/?page_id=244\" tabindex=\"-1\"><img decoding=\"async\" width=\"683\" height=\"600\" src=\"https:\/\/www.lachevauchee47.com\/wp-content\/uploads\/2025\/10\/Accueil_Service_2A_683600.jpg\" class=\"attachment-full size-full wp-image-362\" alt=\"\" srcset=\"https:\/\/www.lachevauchee47.com\/wp-content\/uploads\/2025\/10\/Accueil_Service_2A_683600.jpg 683w, https:\/\/www.lachevauchee47.com\/wp-content\/uploads\/2025\/10\/Accueil_Service_2A_683600-300x264.jpg 300w\" sizes=\"(max-width: 683px) 100vw, 683px\" \/><\/a><\/figure><div class=\"elementor-image-box-content\"><h4 class=\"elementor-image-box-title\"><a href=\"https:\/\/www.lachevauchee47.com\/?page_id=244\">1\/2 pension<\/a><\/h4><p class=\"elementor-image-box-description\">D\u00e9couvrez la 1\/2 pension avec nos anciens chevaux et poneys de club.<\/p><\/div><\/div>\t\t\t\t<\/div>\n\t\t\t\t<div class=\"elementor-element elementor-element-d818886 elementor-widget-tablet__width-initial elementor-widget-mobile__width-inherit elementor-widget__width-initial elementor-position-top elementor-widget elementor-widget-image-box\" data-id=\"d818886\" data-element_type=\"widget\" data-e-type=\"widget\" data-widget_type=\"image-box.default\">\n\t\t\t\t\t<div class=\"elementor-image-box-wrapper\"><figure class=\"elementor-image-box-img\"><a href=\"https:\/\/www.lachevauchee47.com\/?page_id=244\" tabindex=\"-1\"><img decoding=\"async\" width=\"683\" height=\"600\" src=\"https:\/\/www.lachevauchee47.com\/wp-content\/uploads\/2025\/10\/Accueil_Service_3_683600-1.jpg\" class=\"attachment-full size-full wp-image-363\" alt=\"\" srcset=\"https:\/\/www.lachevauchee47.com\/wp-content\/uploads\/2025\/10\/Accueil_Service_3_683600-1.jpg 683w, https:\/\/www.lachevauchee47.com\/wp-content\/uploads\/2025\/10\/Accueil_Service_3_683600-1-300x264.jpg 300w\" sizes=\"(max-width: 683px) 100vw, 683px\" \/><\/a><\/figure><div class=\"elementor-image-box-content\"><h4 class=\"elementor-image-box-title\"><a href=\"https:\/\/www.lachevauchee47.com\/?page_id=244\">Transport<\/a><\/h4><p class=\"elementor-image-box-description\">Chevaux \/ Poneys : fiabilit\u00e9, confort et s\u00e9r\u00e9nit\u00e9 \u00e0 chaque trajet.<\/p><\/div><\/div>\t\t\t\t<\/div>\n\t\t\t\t<\/div>\n\t\t\t\t\t<\/div>\n\t\t\t\t<\/div>\n\t\t<div class=\"elementor-element elementor-element-1268b334 e-con-full e-flex e-con e-parent\" data-id=\"1268b334\" data-element_type=\"container\" data-e-type=\"container\" data-settings=\"{&quot;background_background&quot;:&quot;classic&quot;}\">\n\t\t<div class=\"elementor-element elementor-element-35a3af9f e-con-full e-flex e-con e-child\" data-id=\"35a3af9f\" data-element_type=\"container\" data-e-type=\"container\">\n\t\t\t\t<div class=\"elementor-element elementor-element-5d8627 elementor-invisible elementor-widget elementor-widget-heading\" data-id=\"5d8627\" data-element_type=\"widget\" data-e-type=\"widget\" data-settings=\"{&quot;_animation&quot;:&quot;fadeInDown&quot;}\" data-widget_type=\"heading.default\">\n\t\t\t\t\t<h1 class=\"elementor-heading-title elementor-size-default\">Vacances et s\u00e9jours<\/h1>\t\t\t\t<\/div>\n\t\t\t\t<\/div>\n\t\t<div class=\"elementor-element elementor-element-51e47a4b e-con-full e-flex e-con e-child\" data-id=\"51e47a4b\" data-element_type=\"container\" data-e-type=\"container\">\n\t\t\t\t<div class=\"elementor-element elementor-element-2c7256ae elementor-widget elementor-widget-heading\" data-id=\"2c7256ae\" data-element_type=\"widget\" data-e-type=\"widget\" data-widget_type=\"heading.default\">\n\t\t\t\t\t<h5 class=\"elementor-heading-title elementor-size-default\">Nous organisons pour les enfants pendant les vacances scolaires des s\u00e9jours d'une semaine.\n<\/h5>\t\t\t\t<\/div>\n\t\t\t\t<div class=\"elementor-element elementor-element-a59b4dc elementor-tablet-align-center elementor-mobile-align-center elementor-widget__width-inherit elementor-invisible elementor-widget elementor-widget-button\" data-id=\"a59b4dc\" data-element_type=\"widget\" data-e-type=\"widget\" data-settings=\"{&quot;_animation&quot;:&quot;fadeIn&quot;,&quot;_animation_delay&quot;:200}\" data-widget_type=\"button.default\">\n\t\t\t\t\t\t\t\t\t\t<a class=\"elementor-button elementor-button-link elementor-size-sm\" href=\"https:\/\/www.lachevauchee47.com\/?page_id=424\">\n\t\t\t\t\t\t<span class=\"elementor-button-content-wrapper\">\n\t\t\t\t\t\t\t\t\t<span class=\"elementor-button-text\">plus d'infos<\/span>\n\t\t\t\t\t<\/span>\n\t\t\t\t\t<\/a>\n\t\t\t\t\t\t\t\t<\/div>\n\t\t\t\t<\/div>\n\t\t\t\t<\/div>\n\t\t<div class=\"elementor-element elementor-element-3c127724 e-con-full e-flex e-con e-parent\" data-id=\"3c127724\" data-element_type=\"container\" data-e-type=\"container\" data-settings=\"{&quot;background_background&quot;:&quot;classic&quot;,&quot;shape_divider_top&quot;:&quot;triangle&quot;}\">\n\t\t\t\t<div class=\"elementor-shape elementor-shape-top\" aria-hidden=\"true\" data-negative=\"false\">\n\t\t\t<svg xmlns=\"http:\/\/www.w3.org\/2000\/svg\" viewBox=\"0 0 1000 100\" preserveAspectRatio=\"none\">\n\t<path class=\"elementor-shape-fill\" d=\"M500,98.9L0,6.1V0h1000v6.1L500,98.9z\"\/>\n<\/svg>\t\t<\/div>\n\t\t\t\t<\/div>\n\t\t<div class=\"elementor-element elementor-element-4e446128 e-flex e-con-boxed e-con e-parent\" data-id=\"4e446128\" data-element_type=\"container\" data-e-type=\"container\">\n\t\t\t\t\t<div class=\"e-con-inner\">\n\t\t<div class=\"elementor-element elementor-element-701a00b9 e-con-full e-flex e-con e-child\" data-id=\"701a00b9\" data-element_type=\"container\" data-e-type=\"container\">\n\t\t\t\t<div class=\"elementor-element elementor-element-d6545db elementor-invisible elementor-widget elementor-widget-heading\" data-id=\"d6545db\" data-element_type=\"widget\" data-e-type=\"widget\" data-settings=\"{&quot;_animation&quot;:&quot;slideInDown&quot;}\" data-widget_type=\"heading.default\">\n\t\t\t\t\t<h2 class=\"elementor-heading-title elementor-size-default\">La Chevauch\u00e9e<\/h2>\t\t\t\t<\/div>\n\t\t\t\t<div class=\"elementor-element elementor-element-d72ff70 elementor-widget elementor-widget-text-editor\" data-id=\"d72ff70\" data-element_type=\"widget\" data-e-type=\"widget\" data-widget_type=\"text-editor.default\">\n\t\t\t\t\t\t\t\t\t<p>D\u00e9couvrez l\u2019ensemble de nos services d\u00e9di\u00e9s au bien-\u00eatre de votre cheval et \u00e0 votre plaisir de cavalier.<\/p><p>Depuis plus de 20 ans, nous mettons notre exp\u00e9rience au service des propri\u00e9taires et des passionn\u00e9s, dans une ambiance simple et conviviale.<\/p><p>Bonne visite, et n\u2019h\u00e9sitez pas \u00e0 nous contacter pour en savoir plus ou venir d\u00e9couvrir nos installations \u00e0 Clairac<\/p>\t\t\t\t\t\t\t\t<\/div>\n\t\t\t\t<\/div>\n\t\t<div class=\"elementor-element elementor-element-2f24057e e-con-full e-flex e-con e-child\" data-id=\"2f24057e\" data-element_type=\"container\" data-e-type=\"container\">\n\t\t\t\t<div class=\"elementor-element elementor-element-ac9627a elementor-widget elementor-widget-google_maps\" data-id=\"ac9627a\" data-element_type=\"widget\" data-e-type=\"widget\" data-widget_type=\"google_maps.default\">\n\t\t\t\t\t\t\t<div class=\"elementor-custom-embed\">\n\t\t\t<iframe loading=\"lazy\"\n\t\t\t\t\tsrc=\"https:\/\/maps.google.com\/maps?q=LA%20CHEVAUCHEE%2047320%20CLAIRAC&#038;t=m&#038;z=10&#038;output=embed&#038;iwloc=near\"\n\t\t\t\t\ttitle=\"LA CHEVAUCHEE 47320 CLAIRAC\"\n\t\t\t\t\taria-label=\"LA CHEVAUCHEE 47320 CLAIRAC\"\n\t\t\t><\/iframe>\n\t\t<\/div>\n\t\t\t\t\t\t<\/div>\n\t\t\t\t<\/div>\n\t\t\t\t\t<\/div>\n\t\t\t\t<\/div>\n\t\t<div class=\"elementor-element elementor-element-3e20d012 e-flex e-con-boxed e-con e-parent\" data-id=\"3e20d012\" data-element_type=\"container\" data-e-type=\"container\" data-settings=\"{&quot;background_background&quot;:&quot;classic&quot;}\">\n\t\t\t\t\t<div class=\"e-con-inner\">\n\t\t\t\t<div class=\"elementor-element elementor-element-443c0f6d elementor-view-default elementor-position-block-start elementor-mobile-position-block-start elementor-widget elementor-widget-icon-box\" data-id=\"443c0f6d\" data-element_type=\"widget\" data-e-type=\"widget\" data-widget_type=\"icon-box.default\">\n\t\t\t\t\t\t\t<div class=\"elementor-icon-box-wrapper\">\n\n\t\t\t\t\t\t<div class=\"elementor-icon-box-icon\">\n\t\t\t\t<span  class=\"elementor-icon\">\n\t\t\t\t<i aria-hidden=\"true\" class=\"icon icon-clock-1\"><\/i>\t\t\t\t<\/span>\n\t\t\t<\/div>\n\t\t\t\n\t\t\t\t\t\t<div class=\"elementor-icon-box-content\">\n\n\t\t\t\t\t\t\t\t\t<h3 class=\"elementor-icon-box-title\">\n\t\t\t\t\t\t<span  >\n\t\t\t\t\t\t\t\u00c9CURIE OUVERTE\t\t\t\t\t\t<\/span>\n\t\t\t\t\t<\/h3>\n\t\t\t\t\n\t\t\t\t\t\t\t\t\t<p class=\"elementor-icon-box-description\">\n\t\t\t\t\t\tAUX PROPRI\u00c9TAIRES DU LUNDI AU SAMEDI DE 9H \u00c0 20H\t\t\t\t\t<\/p>\n\t\t\t\t\n\t\t\t<\/div>\n\t\t\t\n\t\t<\/div>\n\t\t\t\t\t\t<\/div>\n\t\t\t\t\t<\/div>\n\t\t\t\t<\/div>\n\t\t\t\t<\/div>\n\t\t","protected":false},"excerpt":{"rendered":"<p>\u00c9CURIE DE PROPRI\u00c9TAIRES Exp\u00e9rience, simplicit\u00e9 et bienveillance notre trio gagnant Les prestations pour les propri\u00e9taires D\u00e9couvrez nos services et nos installations, pens\u00e9s pour vos chevaux Pension Chevaux \/ Poneys : h\u00e9bergement adapt\u00e9, soins quotidiens et suivi. 1\/2 pension D\u00e9couvrez la 1\/2 pension avec nos anciens chevaux et poneys de club. Transport Chevaux \/ Poneys : [&hellip;]<\/p>\n","protected":false},"author":1,"featured_media":0,"parent":0,"menu_order":0,"comment_status":"closed","ping_status":"closed","template":"","meta":{"footnotes":""},"class_list":["post-203","page","type-page","status-publish","hentry"],"_links":{"self":[{"href":"https:\/\/www.lachevauchee47.com\/index.php?rest_route=\/wp\/v2\/pages\/203","targetHints":{"allow":["GET"]}}],"collection":[{"href":"https:\/\/www.lachevauchee47.com\/index.php?rest_route=\/wp\/v2\/pages"}],"about":[{"href":"https:\/\/www.lachevauchee47.com\/index.php?rest_route=\/wp\/v2\/types\/page"}],"author":[{"embeddable":true,"href":"https:\/\/www.lachevauchee47.com\/index.php?rest_route=\/wp\/v2\/users\/1"}],"replies":[{"embeddable":true,"href":"https:\/\/www.lachevauchee47.com\/index.php?rest_route=%2Fwp%2Fv2%2Fcomments&post=203"}],"version-history":[{"count":182,"href":"https:\/\/www.lachevauchee47.com\/index.php?rest_route=\/wp\/v2\/pages\/203\/revisions"}],"predecessor-version":[{"id":1023,"href":"https:\/\/www.lachevauchee47.com\/index.php?rest_route=\/wp\/v2\/pages\/203\/revisions\/1023"}],"wp:attachment":[{"href":"https:\/\/www.lachevauchee47.com\/index.php?rest_route=%2Fwp%2Fv2%2Fmedia&parent=203"}],"curies":[{"name":"wp","href":"https:\/\/api.w.org\/{rel}","templated":true}]}}